{"id":460,"date":"2016-04-26T12:21:46","date_gmt":"2016-04-26T12:21:46","guid":{"rendered":"https:\/\/demo.mekshq.com\/vlog\/dc\/?page_id=4"},"modified":"2021-12-07T11:37:57","modified_gmt":"2021-12-07T14:37:57","slug":"videos-da-producao-agricola-do-milho-e-sorgo","status":"publish","type":"page","link":"https:\/\/sementesbiomatrix.com.br\/bm-web\/","title":{"rendered":"Home"},"content":{"rendered":"\n<p><\/p>\n","protected":false},"excerpt":{"rendered":"","protected":false},"author":2,"featured_media":0,"parent":0,"menu_order":0,"comment_status":"closed","ping_status":"closed","template":"template-modules.php","meta":{"_monsterinsights_skip_tracking":false,"_monsterinsights_sitenote_active":false,"_monsterinsights_sitenote_note":"","_monsterinsights_sitenote_category":0,"footnotes":""},"class_list":["post-460","page","type-page","status-publish","hentry"],"yoast_head":"<!-- This site is optimized with the Yoast SEO plugin v27.6 - https:\/\/yoast.com\/product\/yoast-seo-wordpress\/ -->\n<title>Academia on-line de v\u00eddeos sobre a produ\u00e7\u00e3o agr\u00edcola do milho e sorgo - Biomaflix Web<\/title>\n<meta name=\"description\" content=\"Plataforma de v\u00eddeos de especialistas na produ\u00e7\u00e3o agr\u00edcola do milho e sorgo. Conte\u00fado para contribuir com melhores resultados no sistema de produ\u00e7\u00e3o agr\u00edcola, na produtividade de gr\u00e3os ou na produ\u00e7\u00e3o pecu\u00e1ria.\" \/>\n<meta name=\"robots\" content=\"index, follow, max-snippet:-1, max-image-preview:large, max-video-preview:-1\" \/>\n<link rel=\"canonical\" href=\"https:\/\/sementesbiomatrix.com.br\/videos-da-producao-agricola-do-milho-e-sorgo\" \/>\n<meta property=\"og:locale\" content=\"pt_BR\" \/>\n<meta property=\"og:type\" content=\"article\" \/>\n<meta property=\"og:title\" content=\"Academia on-line de v\u00eddeos sobre a produ\u00e7\u00e3o agr\u00edcola do milho e sorgo - Biomaflix Web\" \/>\n<meta property=\"og:description\" content=\"Plataforma de v\u00eddeos de especialistas na produ\u00e7\u00e3o agr\u00edcola do milho e sorgo. Conte\u00fado para contribuir com melhores resultados no sistema de produ\u00e7\u00e3o agr\u00edcola, na produtividade de gr\u00e3os ou na produ\u00e7\u00e3o pecu\u00e1ria.\" \/>\n<meta property=\"og:url\" content=\"https:\/\/sementesbiomatrix.com.br\/videos-da-producao-agricola-do-milho-e-sorgo\" \/>\n<meta property=\"og:site_name\" content=\"BM Web\" \/>\n<meta property=\"article:modified_time\" content=\"2021-12-07T14:37:57+00:00\" \/>\n<meta property=\"og:image\" content=\"https:\/\/sementesbiomatrix.com.br\/bm-web\/wp-content\/uploads\/2021\/05\/meta-og.jpg\" \/>\n\t<meta property=\"og:image:width\" content=\"920\" \/>\n\t<meta property=\"og:image:height\" content=\"511\" \/>\n\t<meta property=\"og:image:type\" content=\"image\/jpeg\" \/>\n<meta name=\"twitter:card\" content=\"summary_large_image\" \/>\n<script type=\"application\/ld+json\" class=\"yoast-schema-graph\">{\"@context\":\"https:\\\/\\\/schema.org\",\"@graph\":[{\"@type\":\"WebPage\",\"@id\":\"https:\\\/\\\/sementesbiomatrix.com.br\\\/bm-web\\\/\",\"url\":\"https:\\\/\\\/sementesbiomatrix.com.br\\\/videos-da-producao-agricola-do-milho-e-sorgo\",\"name\":\"Academia on-line de v\u00eddeos sobre a produ\u00e7\u00e3o agr\u00edcola do milho e sorgo - Biomaflix Web\",\"isPartOf\":{\"@id\":\"https:\\\/\\\/sementesbiomatrix.com.br\\\/bm-web\\\/#website\"},\"datePublished\":\"2016-04-26T12:21:46+00:00\",\"dateModified\":\"2021-12-07T14:37:57+00:00\",\"description\":\"Plataforma de v\u00eddeos de especialistas na produ\u00e7\u00e3o agr\u00edcola do milho e sorgo. Conte\u00fado para contribuir com melhores resultados no sistema de produ\u00e7\u00e3o agr\u00edcola, na produtividade de gr\u00e3os ou na produ\u00e7\u00e3o pecu\u00e1ria.\",\"breadcrumb\":{\"@id\":\"https:\\\/\\\/sementesbiomatrix.com.br\\\/videos-da-producao-agricola-do-milho-e-sorgo#breadcrumb\"},\"inLanguage\":\"pt-BR\",\"potentialAction\":[{\"@type\":\"ReadAction\",\"target\":[\"https:\\\/\\\/sementesbiomatrix.com.br\\\/videos-da-producao-agricola-do-milho-e-sorgo\"]}]},{\"@type\":\"BreadcrumbList\",\"@id\":\"https:\\\/\\\/sementesbiomatrix.com.br\\\/videos-da-producao-agricola-do-milho-e-sorgo#breadcrumb\",\"itemListElement\":[{\"@type\":\"ListItem\",\"position\":1,\"name\":\"In\u00edcio\",\"item\":\"https:\\\/\\\/sementesbiomatrix.com.br\\\/bm-web\\\/\"},{\"@type\":\"ListItem\",\"position\":2,\"name\":\"Home\"}]},{\"@type\":\"WebSite\",\"@id\":\"https:\\\/\\\/sementesbiomatrix.com.br\\\/bm-web\\\/#website\",\"url\":\"https:\\\/\\\/sementesbiomatrix.com.br\\\/bm-web\\\/\",\"name\":\"BM Web\",\"description\":\"Sementes Biomatrix\",\"potentialAction\":[{\"@type\":\"SearchAction\",\"target\":{\"@type\":\"EntryPoint\",\"urlTemplate\":\"https:\\\/\\\/sementesbiomatrix.com.br\\\/bm-web\\\/?s={search_term_string}\"},\"query-input\":{\"@type\":\"PropertyValueSpecification\",\"valueRequired\":true,\"valueName\":\"search_term_string\"}}],\"inLanguage\":\"pt-BR\"}]}<\/script>\n<!-- \/ Yoast SEO plugin. -->","yoast_head_json":{"title":"Academia on-line de v\u00eddeos sobre a produ\u00e7\u00e3o agr\u00edcola do milho e sorgo - Biomaflix Web","description":"Plataforma de v\u00eddeos de especialistas na produ\u00e7\u00e3o agr\u00edcola do milho e sorgo. Conte\u00fado para contribuir com melhores resultados no sistema de produ\u00e7\u00e3o agr\u00edcola, na produtividade de gr\u00e3os ou na produ\u00e7\u00e3o pecu\u00e1ria.","robots":{"index":"index","follow":"follow","max-snippet":"max-snippet:-1","max-image-preview":"max-image-preview:large","max-video-preview":"max-video-preview:-1"},"canonical":"https:\/\/sementesbiomatrix.com.br\/videos-da-producao-agricola-do-milho-e-sorgo","og_locale":"pt_BR","og_type":"article","og_title":"Academia on-line de v\u00eddeos sobre a produ\u00e7\u00e3o agr\u00edcola do milho e sorgo - Biomaflix Web","og_description":"Plataforma de v\u00eddeos de especialistas na produ\u00e7\u00e3o agr\u00edcola do milho e sorgo. Conte\u00fado para contribuir com melhores resultados no sistema de produ\u00e7\u00e3o agr\u00edcola, na produtividade de gr\u00e3os ou na produ\u00e7\u00e3o pecu\u00e1ria.","og_url":"https:\/\/sementesbiomatrix.com.br\/videos-da-producao-agricola-do-milho-e-sorgo","og_site_name":"BM Web","article_modified_time":"2021-12-07T14:37:57+00:00","og_image":[{"width":920,"height":511,"url":"https:\/\/sementesbiomatrix.com.br\/bm-web\/wp-content\/uploads\/2021\/05\/meta-og.jpg","type":"image\/jpeg"}],"twitter_card":"summary_large_image","schema":{"@context":"https:\/\/schema.org","@graph":[{"@type":"WebPage","@id":"https:\/\/sementesbiomatrix.com.br\/bm-web\/","url":"https:\/\/sementesbiomatrix.com.br\/videos-da-producao-agricola-do-milho-e-sorgo","name":"Academia on-line de v\u00eddeos sobre a produ\u00e7\u00e3o agr\u00edcola do milho e sorgo - Biomaflix Web","isPartOf":{"@id":"https:\/\/sementesbiomatrix.com.br\/bm-web\/#website"},"datePublished":"2016-04-26T12:21:46+00:00","dateModified":"2021-12-07T14:37:57+00:00","description":"Plataforma de v\u00eddeos de especialistas na produ\u00e7\u00e3o agr\u00edcola do milho e sorgo. Conte\u00fado para contribuir com melhores resultados no sistema de produ\u00e7\u00e3o agr\u00edcola, na produtividade de gr\u00e3os ou na produ\u00e7\u00e3o pecu\u00e1ria.","breadcrumb":{"@id":"https:\/\/sementesbiomatrix.com.br\/videos-da-producao-agricola-do-milho-e-sorgo#breadcrumb"},"inLanguage":"pt-BR","potentialAction":[{"@type":"ReadAction","target":["https:\/\/sementesbiomatrix.com.br\/videos-da-producao-agricola-do-milho-e-sorgo"]}]},{"@type":"BreadcrumbList","@id":"https:\/\/sementesbiomatrix.com.br\/videos-da-producao-agricola-do-milho-e-sorgo#breadcrumb","itemListElement":[{"@type":"ListItem","position":1,"name":"In\u00edcio","item":"https:\/\/sementesbiomatrix.com.br\/bm-web\/"},{"@type":"ListItem","position":2,"name":"Home"}]},{"@type":"WebSite","@id":"https:\/\/sementesbiomatrix.com.br\/bm-web\/#website","url":"https:\/\/sementesbiomatrix.com.br\/bm-web\/","name":"BM Web","description":"Sementes Biomatrix","potentialAction":[{"@type":"SearchAction","target":{"@type":"EntryPoint","urlTemplate":"https:\/\/sementesbiomatrix.com.br\/bm-web\/?s={search_term_string}"},"query-input":{"@type":"PropertyValueSpecification","valueRequired":true,"valueName":"search_term_string"}}],"inLanguage":"pt-BR"}]}},"_links":{"self":[{"href":"https:\/\/sementesbiomatrix.com.br\/bm-web\/wp-json\/wp\/v2\/pages\/460","targetHints":{"allow":["GET"]}}],"collection":[{"href":"https:\/\/sementesbiomatrix.com.br\/bm-web\/wp-json\/wp\/v2\/pages"}],"about":[{"href":"https:\/\/sementesbiomatrix.com.br\/bm-web\/wp-json\/wp\/v2\/types\/page"}],"author":[{"embeddable":true,"href":"https:\/\/sementesbiomatrix.com.br\/bm-web\/wp-json\/wp\/v2\/users\/2"}],"replies":[{"embeddable":true,"href":"https:\/\/sementesbiomatrix.com.br\/bm-web\/wp-json\/wp\/v2\/comments?post=460"}],"version-history":[{"count":4,"href":"https:\/\/sementesbiomatrix.com.br\/bm-web\/wp-json\/wp\/v2\/pages\/460\/revisions"}],"predecessor-version":[{"id":2290,"href":"https:\/\/sementesbiomatrix.com.br\/bm-web\/wp-json\/wp\/v2\/pages\/460\/revisions\/2290"}],"wp:attachment":[{"href":"https:\/\/sementesbiomatrix.com.br\/bm-web\/wp-json\/wp\/v2\/media?parent=460"}],"curies":[{"name":"wp","href":"https:\/\/api.w.org\/{rel}","templated":true}]}}